{"id":5765,"date":"2020-01-07T19:15:24","date_gmt":"2020-01-07T19:15:24","guid":{"rendered":"https:\/\/www.masseriabagnara.it\/ou-nous-sommes\/"},"modified":"2024-03-06T08:52:56","modified_gmt":"2024-03-06T08:52:56","slug":"ou-nous-sommes","status":"publish","type":"page","link":"https:\/\/www.masseriabagnara.it\/fr\/ou-nous-sommes\/","title":{"rendered":"O\u00d9 NOUS SOMMES"},"content":{"rendered":"<div class=\"wpb-content-wrapper\"><p>[vc_row][vc_column]\n\t\t\t<!-- START Dove 2 REVOLUTION SLIDER 6.6.11 --><p class=\"rs-p-wp-fix\"><\/p>\n\t\t\t<rs-module-wrap id=\"rev_slider_44_1_wrapper\" data-source=\"gallery\" style=\"visibility:hidden;background:transparent;padding:0;margin:0px auto;margin-top:0;margin-bottom:0;\">\n\t\t\t\t<rs-module id=\"rev_slider_44_1\" style=\"\" data-version=\"6.6.11\">\n\t\t\t\t\t<rs-slides style=\"overflow: hidden; position: absolute;\">\n\t\t\t\t\t\t<rs-slide style=\"position: absolute;\" data-key=\"rs-210\" data-title=\"Slide\" data-in=\"o:0;\" data-out=\"a:false;\">\n\t\t\t\t\t\t\t<img decoding=\"async\" src=\"\/\/www.masseriabagnara.it\/wp-content\/plugins\/revslider\/public\/assets\/assets\/dummy.png\" alt=\"\" title=\"1\" width=\"1920\" height=\"1080\" class=\"rev-slidebg tp-rs-img rs-lazyload\" data-lazyload=\"\/\/www.masseriabagnara.it\/wp-content\/uploads\/2023\/04\/1.jpg\" data-no-retina>\n<!---->\t\t\t\t\t\t<\/rs-slide>\n\t\t\t\t\t<\/rs-slides>\n\t\t\t\t<\/rs-module>\n\t\t\t\t<script>\n\t\t\t\t\tsetREVStartSize({c: 'rev_slider_44_1',rl:[1240,1024,778,480],el:[900],gw:[1240],gh:[900],type:'standard',justify:'',layout:'fullwidth',mh:\"0\"});if (window.RS_MODULES!==undefined && window.RS_MODULES.modules!==undefined && window.RS_MODULES.modules[\"revslider441\"]!==undefined) {window.RS_MODULES.modules[\"revslider441\"].once = false;window.revapi44 = undefined;if (window.RS_MODULES.checkMinimal!==undefined) window.RS_MODULES.checkMinimal()}\n\t\t\t\t<\/script>\n\t\t\t<\/rs-module-wrap>\n\t\t\t<!-- END REVOLUTION SLIDER -->\n[vc_empty_space height=\u00a0\u00bb20px\u00a0\u00bb]<div class=\"qodef-animation-holder qodef-grow-in\" data-animation=\"qodef-grow-in\" data-animation-delay=\"\"><div class=\"qodef-animation-inner\">[vc_custom_heading text=\u00a0\u00bbD\u00c9COUVRIR LES APULIES, UN CARREFOUR DE CULTURES\u00a0\u00bb font_container=\u00a0\u00bbtag:h4|text_align:center\u00a0\u00bb]<\/div><\/div>[vc_column_text]<\/p>\n<p style=\"text-align: center;\">La Masseria Bagnara est l&rsquo;endroit id\u00e9al pour d\u00e9couvrir le carrefour de cultures que repr\u00e9sentent les Pouilles.<\/p>\n<p style=\"text-align: center;\"><img loading=\"lazy\" decoding=\"async\" class=\"aligncenter wp-image-4003 size-full\" src=\"http:\/\/www.masseriabagnara.it\/wp-content\/uploads\/2020\/01\/13509421_10210209005249459_1938856289_o-1024x686-1.jpg\" alt=\"\" width=\"1024\" height=\"686\" srcset=\"https:\/\/www.masseriabagnara.it\/wp-content\/uploads\/2020\/01\/13509421_10210209005249459_1938856289_o-1024x686-1.jpg 1024w, https:\/\/www.masseriabagnara.it\/wp-content\/uploads\/2020\/01\/13509421_10210209005249459_1938856289_o-1024x686-1-300x201.jpg 300w, https:\/\/www.masseriabagnara.it\/wp-content\/uploads\/2020\/01\/13509421_10210209005249459_1938856289_o-1024x686-1-768x515.jpg 768w\" sizes=\"auto, (max-width: 1024px) 100vw, 1024px\" \/><\/p>\n<p style=\"text-align: center;\">Un s\u00e9jour \u00e0 la Masseria Bagnara permet d&rsquo;acc\u00e9der facilement et rapidement \u00e0 toutes les principales attractions touristiques des Pouilles.<\/p>\n<p style=\"text-align: center;\">Voici les distances \u00e0 parcourir pour atteindre les principaux points d&rsquo;int\u00e9r\u00eat :<\/p>\n<ul style=\"text-align: center;\">\n<li>Tarente, environ 40 minutes<\/li>\n<li>Lecce, environ 1 heure 15 minutes<\/li>\n<li>Ostuni, environ 1 heure<\/li>\n<li>Alberobello, environ 1 heure 15 minutes<\/li>\n<li>Locorotondo, environ 1 heure<\/li>\n<li>Martina Franca, environ 1 heure<\/li>\n<li>Grottaglie, environ 30 minutes<\/li>\n<li>Otrante, environ 1 heure 30 minutes<\/li>\n<li>Gallipoli, environ 1 heure 10 minutes<\/li>\n<li>Polignano a Mare, environ 1 heure 40 minutes<\/li>\n<li>Monopoli, environ 1 heure 40 minutes<\/li>\n<li>Bari, environ 1 heure 40 minutes<\/li>\n<\/ul>\n<p style=\"text-align: center;\">En outre, depuis la Masseria Bagnara, vous pouvez rejoindre et d\u00e9couvrir Matera, la capitale europ\u00e9enne de la culture, qui se trouve \u00e0 environ 1 heure et 30 minutes.<\/p>\n<p style=\"text-align: center;\">Comment se rendre \u00e0 la Masseria Bagnara :<\/p>\n<ul style=\"text-align: center;\">\n<li><a href=\"https:\/\/goo.gl\/maps\/qsicXS6eYdq\">A\u00e9roport de Bari<\/a> (\u00e0 1 heure et 45 minutes de la Masseria Bagnara) avec transfert ou location de voiture sur demande.<\/li>\n<li><a href=\"https:\/\/goo.gl\/maps\/CS6HXxw3qTC2\">A\u00e9roport de Brindisi<\/a> (\u00e0 1 heure de la Masseria Bagnara) avec transfert ou location de voiture sur demande.<\/li>\n<\/ul>\n<p style=\"text-align: center;\"><a href=\"https:\/\/goo.gl\/maps\/ojWMoVxPoKL2\">Ouvrir Google Maps<\/a><\/p>\n<p style=\"text-align: center;\"><img loading=\"lazy\" decoding=\"async\" class=\"aligncenter wp-image-4004 size-full\" src=\"http:\/\/www.masseriabagnara.it\/wp-content\/uploads\/2020\/01\/Schermata-2016-07-11-alle-15.14.40-1024x542-1.png\" alt=\"\" width=\"1024\" height=\"542\" srcset=\"https:\/\/www.masseriabagnara.it\/wp-content\/uploads\/2020\/01\/Schermata-2016-07-11-alle-15.14.40-1024x542-1.png 1024w, https:\/\/www.masseriabagnara.it\/wp-content\/uploads\/2020\/01\/Schermata-2016-07-11-alle-15.14.40-1024x542-1-300x159.png 300w, https:\/\/www.masseriabagnara.it\/wp-content\/uploads\/2020\/01\/Schermata-2016-07-11-alle-15.14.40-1024x542-1-768x407.png 768w\" sizes=\"auto, (max-width: 1024px) 100vw, 1024px\" \/><\/p>\n<p style=\"text-align: center;\">Les coordonn\u00e9es pour atteindre la Masseria Bagnara sont les suivantes :<\/p>\n<p style=\"text-align: center;\">40\u00b020&rsquo;21.9\u00a0\u00bbN 17\u00b026&rsquo;52.6\u00a0\u00bbE<\/p>\n<p>[\/vc_column_text][vc_custom_heading text=\u00a0\u00bbLA MASSERIA BAGNARA EST \u00c9GALEMENT DANS CE CAS.\u00a0\u00bb font_container=\u00a0\u00bbtag:h4|text_align:center\u00a0\u00bb][\/vc_column][\/vc_row]<\/p>\n<\/div>","protected":false},"excerpt":{"rendered":"<p>[vc_row][vc_column][vc_empty_space height=\u00a0\u00bb20px\u00a0\u00bb][vc_column_text] La Masseria Bagnara est l&rsquo;endroit id\u00e9al pour d\u00e9couvrir le carrefour de cultures que repr\u00e9sentent les Pouilles. Un s\u00e9jour \u00e0 la Masseria Bagnara permet d&rsquo;acc\u00e9der facilement et rapidement \u00e0 [&hellip;]<\/p>\n","protected":false},"author":1,"featured_media":0,"parent":0,"menu_order":0,"comment_status":"closed","ping_status":"closed","template":"","meta":{"footnotes":""},"class_list":["post-5765","page","type-page","status-publish","hentry"],"_links":{"self":[{"href":"https:\/\/www.masseriabagnara.it\/fr\/wp-json\/wp\/v2\/pages\/5765","targetHints":{"allow":["GET"]}}],"collection":[{"href":"https:\/\/www.masseriabagnara.it\/fr\/wp-json\/wp\/v2\/pages"}],"about":[{"href":"https:\/\/www.masseriabagnara.it\/fr\/wp-json\/wp\/v2\/types\/page"}],"author":[{"embeddable":true,"href":"https:\/\/www.masseriabagnara.it\/fr\/wp-json\/wp\/v2\/users\/1"}],"replies":[{"embeddable":true,"href":"https:\/\/www.masseriabagnara.it\/fr\/wp-json\/wp\/v2\/comments?post=5765"}],"version-history":[{"count":2,"href":"https:\/\/www.masseriabagnara.it\/fr\/wp-json\/wp\/v2\/pages\/5765\/revisions"}],"predecessor-version":[{"id":5767,"href":"https:\/\/www.masseriabagnara.it\/fr\/wp-json\/wp\/v2\/pages\/5765\/revisions\/5767"}],"wp:attachment":[{"href":"https:\/\/www.masseriabagnara.it\/fr\/wp-json\/wp\/v2\/media?parent=5765"}],"curies":[{"name":"wp","href":"https:\/\/api.w.org\/{rel}","templated":true}]}}