{"id":5756,"date":"2020-01-10T09:19:29","date_gmt":"2020-01-10T09:19:29","guid":{"rendered":"https:\/\/www.masseriabagnara.it\/en-bateau-dans-le-salento\/"},"modified":"2024-03-06T08:42:41","modified_gmt":"2024-03-06T08:42:41","slug":"en-bateau-dans-le-salento","status":"publish","type":"page","link":"https:\/\/www.masseriabagnara.it\/fr\/en-bateau-dans-le-salento\/","title":{"rendered":"EN BATEAU DANS LE SALENTO"},"content":{"rendered":"<div class=\"wpb-content-wrapper\"><p>[vc_row][vc_column]\n\t\t\t<!-- START BARCA REVOLUTION SLIDER 6.6.11 --><p class=\"rs-p-wp-fix\"><\/p>\n\t\t\t<rs-module-wrap id=\"rev_slider_35_1_wrapper\" data-source=\"gallery\" style=\"visibility:hidden;background:transparent;padding:0;\">\n\t\t\t\t<rs-module id=\"rev_slider_35_1\" style=\"\" data-version=\"6.6.11\">\n\t\t\t\t\t<rs-slides style=\"overflow: hidden; position: absolute;\">\n\t\t\t\t\t\t<rs-slide style=\"position: absolute;\" data-key=\"rs-182\" data-title=\"Slide\" data-anim=\"ms:1000;r:0;\" data-in=\"o:0;\" data-out=\"a:false;\">\n\t\t\t\t\t\t\t<img decoding=\"async\" src=\"\/\/www.masseriabagnara.it\/wp-content\/plugins\/revslider\/public\/assets\/assets\/dummy.png\" alt=\"\" title=\"adventure-beach-boat-dawn-396614\" width=\"1920\" height=\"1280\" class=\"rev-slidebg tp-rs-img rs-lazyload\" data-lazyload=\"\/\/www.masseriabagnara.it\/wp-content\/uploads\/2020\/01\/adventure-beach-boat-dawn-396614-1.jpg\" data-no-retina>\n<!---->\t\t\t\t\t\t<\/rs-slide>\n\t\t\t\t\t<\/rs-slides>\n\t\t\t\t\t<rs-static-layers><!--\n\t\t\t\t\t--><\/rs-static-layers>\n\t\t\t\t<\/rs-module>\n\t\t\t\t<script>\n\t\t\t\t\tsetREVStartSize({c: 'rev_slider_35_1',rl:[1240,1024,778,480],el:[1079,689,1273,764],gw:[1300,1100,1025,480],gh:[1079,689,1273,764],type:'standard',justify:'',layout:'fullscreen',offsetContainer:'.touch .qodef-mobile-header',offset:'',mh:\"0\"});if (window.RS_MODULES!==undefined && window.RS_MODULES.modules!==undefined && window.RS_MODULES.modules[\"revslider351\"]!==undefined) {window.RS_MODULES.modules[\"revslider351\"].once = false;window.revapi35 = undefined;if (window.RS_MODULES.checkMinimal!==undefined) window.RS_MODULES.checkMinimal()}\n\t\t\t\t<\/script>\n\t\t\t<\/rs-module-wrap>\n\t\t\t<!-- END REVOLUTION SLIDER -->\n[vc_empty_space height=\u00a0\u00bb20&Prime;]<div class=\"qodef-animation-holder qodef-grow-in\" data-animation=\"qodef-grow-in\" data-animation-delay=\"\"><div class=\"qodef-animation-inner\">[vc_custom_heading text=\u00a0\u00bbEN BATEAU DANS LE SALENTO\u00a0\u00bb font_container=\u00a0\u00bbtag:h2|text_align:center\u00a0\u00bb]<\/div><\/div>[vc_column_text]<\/p>\n<p style=\"text-align: center;\">D\u00e9couvrez la beaut\u00e9 du Salento en d\u00e9barquant de la mer.<\/p>\n<p style=\"text-align: center;\">Une journ\u00e9e enti\u00e8re \u00e0 bord d&rsquo;un yacht de luxe \u00e0 votre disposition pour d\u00e9couvrir les lieux les plus c\u00e9l\u00e8bres et les plus beaux du Salento en arrivant directement de la mer, comme les h\u00e9ros des l\u00e9gendes des Pouilles.<\/p>\n<p style=\"text-align: center;\">Pour plus d&rsquo;informations :<\/p>\n<p style=\"text-align: center;\">Masseria Bagnara<\/p>\n<p style=\"text-align: center;\">099\/9558337<\/p>\n<p style=\"text-align: center;\"><a href=\"mailto:info@masseriabagnara.it\">info@masseriabagnara.it<\/a><\/p>\n<p>[\/vc_column_text][vc_custom_heading text=\u00a0\u00bbLA MASSERIA BAGNARA EST \u00c9GALEMENT DANS CE CAS.\u00a0\u00bb font_container=\u00a0\u00bbtag:h4|text_align:center\u00a0\u00bb][\/vc_column][\/vc_row]<\/p>\n<\/div>","protected":false},"excerpt":{"rendered":"<p>[vc_row][vc_column][vc_empty_space height=\u00a0\u00bb20&Prime;][vc_column_text] D\u00e9couvrez la beaut\u00e9 du Salento en d\u00e9barquant de la mer. Une journ\u00e9e enti\u00e8re \u00e0 bord d&rsquo;un yacht de luxe \u00e0 votre disposition pour d\u00e9couvrir les lieux les plus [&hellip;]<\/p>\n","protected":false},"author":1,"featured_media":0,"parent":0,"menu_order":0,"comment_status":"closed","ping_status":"closed","template":"","meta":{"footnotes":""},"class_list":["post-5756","page","type-page","status-publish","hentry"],"_links":{"self":[{"href":"https:\/\/www.masseriabagnara.it\/fr\/wp-json\/wp\/v2\/pages\/5756","targetHints":{"allow":["GET"]}}],"collection":[{"href":"https:\/\/www.masseriabagnara.it\/fr\/wp-json\/wp\/v2\/pages"}],"about":[{"href":"https:\/\/www.masseriabagnara.it\/fr\/wp-json\/wp\/v2\/types\/page"}],"author":[{"embeddable":true,"href":"https:\/\/www.masseriabagnara.it\/fr\/wp-json\/wp\/v2\/users\/1"}],"replies":[{"embeddable":true,"href":"https:\/\/www.masseriabagnara.it\/fr\/wp-json\/wp\/v2\/comments?post=5756"}],"version-history":[{"count":5,"href":"https:\/\/www.masseriabagnara.it\/fr\/wp-json\/wp\/v2\/pages\/5756\/revisions"}],"predecessor-version":[{"id":5761,"href":"https:\/\/www.masseriabagnara.it\/fr\/wp-json\/wp\/v2\/pages\/5756\/revisions\/5761"}],"wp:attachment":[{"href":"https:\/\/www.masseriabagnara.it\/fr\/wp-json\/wp\/v2\/media?parent=5756"}],"curies":[{"name":"wp","href":"https:\/\/api.w.org\/{rel}","templated":true}]}}