{"id":5747,"date":"2020-01-10T09:14:18","date_gmt":"2020-01-10T09:14:18","guid":{"rendered":"https:\/\/www.masseriabagnara.it\/degustation-de-vins\/"},"modified":"2024-03-06T08:35:56","modified_gmt":"2024-03-06T08:35:56","slug":"degustation-de-vins","status":"publish","type":"page","link":"https:\/\/www.masseriabagnara.it\/fr\/degustation-de-vins\/","title":{"rendered":"D\u00c9GUSTATION DE VINS"},"content":{"rendered":"<div class=\"wpb-content-wrapper\"><p>[vc_row][vc_column]\n\t\t\t<!-- START VINO REVOLUTION SLIDER 6.6.11 --><p class=\"rs-p-wp-fix\"><\/p>\n\t\t\t<rs-module-wrap id=\"rev_slider_33_1_wrapper\" data-source=\"gallery\" style=\"visibility:hidden;background:transparent;padding:0;\">\n\t\t\t\t<rs-module id=\"rev_slider_33_1\" style=\"\" data-version=\"6.6.11\">\n\t\t\t\t\t<rs-slides style=\"overflow: hidden; position: absolute;\">\n\t\t\t\t\t\t<rs-slide style=\"position: absolute;\" data-key=\"rs-180\" data-title=\"Slide\" data-anim=\"ms:1000;r:0;\" data-in=\"o:0;\" data-out=\"a:false;\">\n\t\t\t\t\t\t\t<img decoding=\"async\" src=\"\/\/www.masseriabagnara.it\/wp-content\/plugins\/revslider\/public\/assets\/assets\/dummy.png\" alt=\"\" title=\"IMMAGINE12\" width=\"2560\" height=\"1702\" class=\"rev-slidebg tp-rs-img rs-lazyload\" data-lazyload=\"\/\/www.masseriabagnara.it\/wp-content\/uploads\/2020\/01\/IMMAGINE12-scaled.jpg\" data-no-retina>\n<!---->\t\t\t\t\t\t<\/rs-slide>\n\t\t\t\t\t<\/rs-slides>\n\t\t\t\t\t<rs-static-layers><!--\n\t\t\t\t\t--><\/rs-static-layers>\n\t\t\t\t<\/rs-module>\n\t\t\t\t<script>\n\t\t\t\t\tsetREVStartSize({c: 'rev_slider_33_1',rl:[1240,1024,778,480],el:[1079,689,1273,764],gw:[1300,1100,1025,480],gh:[1079,689,1273,764],type:'standard',justify:'',layout:'fullscreen',offsetContainer:'.touch .qodef-mobile-header',offset:'',mh:\"0\"});if (window.RS_MODULES!==undefined && window.RS_MODULES.modules!==undefined && window.RS_MODULES.modules[\"revslider331\"]!==undefined) {window.RS_MODULES.modules[\"revslider331\"].once = false;window.revapi33 = undefined;if (window.RS_MODULES.checkMinimal!==undefined) window.RS_MODULES.checkMinimal()}\n\t\t\t\t<\/script>\n\t\t\t<\/rs-module-wrap>\n\t\t\t<!-- END REVOLUTION SLIDER -->\n[vc_empty_space height=\u00a0\u00bb20&Prime;]<div class=\"qodef-animation-holder qodef-grow-in\" data-animation=\"qodef-grow-in\" data-animation-delay=\"\"><div class=\"qodef-animation-inner\">[vc_custom_heading text=\u00a0\u00bbD\u00c9GUSTATION DE VINS\u00a0\u00bb font_container=\u00a0\u00bbtag:h2|text_align:center\u00a0\u00bb]<\/div><\/div>[vc_column_text]<\/p>\n<p style=\"text-align: center;\">Les Pouilles, c&rsquo;est bien connu, sont une terre d&rsquo;excellents vins. Primitivo, Negroamaro, rouges et blancs. Ros\u00e9s et bulles. Tous les go\u00fbts sont satisfaits.<\/p>\n<p style=\"text-align: center;\">La Masseria Bagnara, gr\u00e2ce \u00e0 sa cave \u00e0 vin bien fournie avec plus de 600 \u00e9tiquettes (nationales et \u00e9trang\u00e8res), organise des d\u00e9gustations de vin pour ses h\u00f4tes afin de d\u00e9couvrir la bont\u00e9 et la saveur des produits vinicoles des Pouilles et d&rsquo;autres r\u00e9gions.<\/p>\n<p style=\"text-align: center;\">Pour plus d&rsquo;informations :<\/p>\n<p style=\"text-align: center;\">Masseria Bagnara<\/p>\n<p style=\"text-align: center;\">099\/9558337<\/p>\n<p style=\"text-align: center;\"><a href=\"mailto:info@masseriabagnara.it\">info@masseriabagnara.it<\/a><\/p>\n<p>[\/vc_column_text][vc_custom_heading text=\u00a0\u00bbLA MASSERIA BAGNARA EST \u00c9GALEMENT DANS CE CAS.\u00a0\u00bb font_container=\u00a0\u00bbtag:h4|text_align:center\u00a0\u00bb][\/vc_column][\/vc_row]<\/p>\n<\/div>","protected":false},"excerpt":{"rendered":"<p>[vc_row][vc_column][vc_empty_space height=\u00a0\u00bb20&Prime;][vc_column_text] Les Pouilles, c&rsquo;est bien connu, sont une terre d&rsquo;excellents vins. Primitivo, Negroamaro, rouges et blancs. Ros\u00e9s et bulles. Tous les go\u00fbts sont satisfaits. La Masseria Bagnara, gr\u00e2ce \u00e0 [&hellip;]<\/p>\n","protected":false},"author":1,"featured_media":0,"parent":0,"menu_order":0,"comment_status":"closed","ping_status":"closed","template":"","meta":{"footnotes":""},"class_list":["post-5747","page","type-page","status-publish","hentry"],"_links":{"self":[{"href":"https:\/\/www.masseriabagnara.it\/fr\/wp-json\/wp\/v2\/pages\/5747","targetHints":{"allow":["GET"]}}],"collection":[{"href":"https:\/\/www.masseriabagnara.it\/fr\/wp-json\/wp\/v2\/pages"}],"about":[{"href":"https:\/\/www.masseriabagnara.it\/fr\/wp-json\/wp\/v2\/types\/page"}],"author":[{"embeddable":true,"href":"https:\/\/www.masseriabagnara.it\/fr\/wp-json\/wp\/v2\/users\/1"}],"replies":[{"embeddable":true,"href":"https:\/\/www.masseriabagnara.it\/fr\/wp-json\/wp\/v2\/comments?post=5747"}],"version-history":[{"count":5,"href":"https:\/\/www.masseriabagnara.it\/fr\/wp-json\/wp\/v2\/pages\/5747\/revisions"}],"predecessor-version":[{"id":5752,"href":"https:\/\/www.masseriabagnara.it\/fr\/wp-json\/wp\/v2\/pages\/5747\/revisions\/5752"}],"wp:attachment":[{"href":"https:\/\/www.masseriabagnara.it\/fr\/wp-json\/wp\/v2\/media?parent=5747"}],"curies":[{"name":"wp","href":"https:\/\/api.w.org\/{rel}","templated":true}]}}