{"id":5726,"date":"2020-01-07T19:00:05","date_gmt":"2020-01-07T19:00:05","guid":{"rendered":"https:\/\/www.masseriabagnara.it\/beauty-center\/"},"modified":"2024-03-06T08:28:52","modified_gmt":"2024-03-06T08:28:52","slug":"beauty-center","status":"publish","type":"page","link":"https:\/\/www.masseriabagnara.it\/fr\/beauty-center\/","title":{"rendered":"BEAUTY CENTER"},"content":{"rendered":"<div class=\"wpb-content-wrapper\"><p>[vc_row][vc_column]\n\t\t\t<!-- START WELLNESS REVOLUTION SLIDER 6.6.11 --><p class=\"rs-p-wp-fix\"><\/p>\n\t\t\t<rs-module-wrap id=\"rev_slider_29_1_wrapper\" data-source=\"gallery\" style=\"visibility:hidden;background:transparent;padding:0;\">\n\t\t\t\t<rs-module id=\"rev_slider_29_1\" style=\"\" data-version=\"6.6.11\">\n\t\t\t\t\t<rs-slides style=\"overflow: hidden; position: absolute;\">\n\t\t\t\t\t\t<rs-slide style=\"position: absolute;\" data-key=\"rs-167\" data-title=\"Slide\" data-thumb=\"\/\/www.masseriabagnara.it\/wp-content\/uploads\/2020\/01\/8-1-100x50.jpg\" data-anim=\"ms:1000;r:0;\" data-in=\"o:0;\" data-out=\"a:false;\">\n\t\t\t\t\t\t\t<img decoding=\"async\" src=\"\/\/www.masseriabagnara.it\/wp-content\/plugins\/revslider\/public\/assets\/assets\/dummy.png\" alt=\"\" title=\"BEAUTY CENTER\" class=\"rev-slidebg tp-rs-img rs-lazyload\" data-lazyload=\"\/\/www.masseriabagnara.it\/wp-content\/uploads\/2020\/01\/8-1.jpg\" data-no-retina>\n<!---->\t\t\t\t\t\t<\/rs-slide>\n\t\t\t\t\t\t<rs-slide style=\"position: absolute;\" data-key=\"rs-160\" data-title=\"Slide\" data-thumb=\"\/\/www.masseriabagnara.it\/wp-content\/uploads\/2020\/01\/1-3-100x50.jpg\" data-anim=\"ms:1000;r:0;\" data-in=\"o:0;\" data-out=\"a:false;\">\n\t\t\t\t\t\t\t<img decoding=\"async\" src=\"\/\/www.masseriabagnara.it\/wp-content\/plugins\/revslider\/public\/assets\/assets\/dummy.png\" alt=\"\" title=\"BEAUTY CENTER\" class=\"rev-slidebg tp-rs-img rs-lazyload\" data-lazyload=\"\/\/www.masseriabagnara.it\/wp-content\/uploads\/2020\/01\/1-3.jpg\" data-no-retina>\n<!---->\t\t\t\t\t\t<\/rs-slide>\n\t\t\t\t\t\t<rs-slide style=\"position: absolute;\" data-key=\"rs-161\" data-title=\"Slide\" data-thumb=\"\/\/www.masseriabagnara.it\/wp-content\/uploads\/2020\/01\/2-3-100x50.jpg\" data-anim=\"ms:1000;r:0;\" data-in=\"o:0;\" data-out=\"a:false;\">\n\t\t\t\t\t\t\t<img decoding=\"async\" src=\"\/\/www.masseriabagnara.it\/wp-content\/plugins\/revslider\/public\/assets\/assets\/dummy.png\" alt=\"\" title=\"BEAUTY CENTER\" class=\"rev-slidebg tp-rs-img rs-lazyload\" data-lazyload=\"\/\/www.masseriabagnara.it\/wp-content\/uploads\/2020\/01\/2-3.jpg\" data-no-retina>\n<!---->\t\t\t\t\t\t<\/rs-slide>\n\t\t\t\t\t\t<rs-slide style=\"position: absolute;\" data-key=\"rs-162\" data-title=\"Slide\" data-thumb=\"\/\/www.masseriabagnara.it\/wp-content\/uploads\/2020\/01\/3-2-100x50.jpg\" data-anim=\"ms:1000;r:0;\" data-in=\"o:0;\" data-out=\"a:false;\">\n\t\t\t\t\t\t\t<img decoding=\"async\" src=\"\/\/www.masseriabagnara.it\/wp-content\/plugins\/revslider\/public\/assets\/assets\/dummy.png\" alt=\"\" title=\"BEAUTY CENTER\" class=\"rev-slidebg tp-rs-img rs-lazyload\" data-lazyload=\"\/\/www.masseriabagnara.it\/wp-content\/uploads\/2020\/01\/3-2.jpg\" data-no-retina>\n<!---->\t\t\t\t\t\t<\/rs-slide>\n\t\t\t\t\t\t<rs-slide style=\"position: absolute;\" data-key=\"rs-163\" data-title=\"Slide\" data-thumb=\"\/\/www.masseriabagnara.it\/wp-content\/uploads\/2020\/01\/4-2-100x50.jpg\" data-anim=\"ms:1000;r:0;\" data-in=\"o:0;\" data-out=\"a:false;\">\n\t\t\t\t\t\t\t<img decoding=\"async\" src=\"\/\/www.masseriabagnara.it\/wp-content\/plugins\/revslider\/public\/assets\/assets\/dummy.png\" alt=\"\" title=\"BEAUTY CENTER\" class=\"rev-slidebg tp-rs-img rs-lazyload\" data-lazyload=\"\/\/www.masseriabagnara.it\/wp-content\/uploads\/2020\/01\/4-2.jpg\" data-no-retina>\n<!---->\t\t\t\t\t\t<\/rs-slide>\n\t\t\t\t\t\t<rs-slide style=\"position: absolute;\" data-key=\"rs-164\" data-title=\"Slide\" data-thumb=\"\/\/www.masseriabagnara.it\/wp-content\/uploads\/2020\/01\/5-2-100x50.jpg\" data-anim=\"ms:1000;r:0;\" data-in=\"o:0;\" data-out=\"a:false;\">\n\t\t\t\t\t\t\t<img decoding=\"async\" src=\"\/\/www.masseriabagnara.it\/wp-content\/plugins\/revslider\/public\/assets\/assets\/dummy.png\" alt=\"\" title=\"BEAUTY CENTER\" class=\"rev-slidebg tp-rs-img rs-lazyload\" data-lazyload=\"\/\/www.masseriabagnara.it\/wp-content\/uploads\/2020\/01\/5-2.jpg\" data-no-retina>\n<!---->\t\t\t\t\t\t<\/rs-slide>\n\t\t\t\t\t\t<rs-slide style=\"position: absolute;\" data-key=\"rs-165\" data-title=\"Slide\" data-thumb=\"\/\/www.masseriabagnara.it\/wp-content\/uploads\/2020\/01\/6-2-100x50.jpg\" data-anim=\"ms:1000;r:0;\" data-in=\"o:0;\" data-out=\"a:false;\">\n\t\t\t\t\t\t\t<img decoding=\"async\" src=\"\/\/www.masseriabagnara.it\/wp-content\/plugins\/revslider\/public\/assets\/assets\/dummy.png\" alt=\"\" title=\"BEAUTY CENTER\" class=\"rev-slidebg tp-rs-img rs-lazyload\" data-lazyload=\"\/\/www.masseriabagnara.it\/wp-content\/uploads\/2020\/01\/6-2.jpg\" data-no-retina>\n<!---->\t\t\t\t\t\t<\/rs-slide>\n\t\t\t\t\t\t<rs-slide style=\"position: absolute;\" data-key=\"rs-166\" data-title=\"Slide\" data-thumb=\"\/\/www.masseriabagnara.it\/wp-content\/uploads\/2020\/01\/7-2-100x50.jpg\" data-anim=\"ms:1000;r:0;\" data-in=\"o:0;\" data-out=\"a:false;\">\n\t\t\t\t\t\t\t<img decoding=\"async\" src=\"\/\/www.masseriabagnara.it\/wp-content\/plugins\/revslider\/public\/assets\/assets\/dummy.png\" alt=\"\" title=\"BEAUTY CENTER\" class=\"rev-slidebg tp-rs-img rs-lazyload\" data-lazyload=\"\/\/www.masseriabagnara.it\/wp-content\/uploads\/2020\/01\/7-2.jpg\" data-no-retina>\n<!---->\t\t\t\t\t\t<\/rs-slide>\n\t\t\t\t\t<\/rs-slides>\n\t\t\t\t\t<rs-static-layers><!--\n\t\t\t\t\t--><\/rs-static-layers>\n\t\t\t\t<\/rs-module>\n\t\t\t\t<script>\n\t\t\t\t\tsetREVStartSize({c: 'rev_slider_29_1',rl:[1240,1024,778,480],el:[1079,689,1273,764],gw:[1300,1100,1025,480],gh:[1079,689,1273,764],type:'standard',justify:'',layout:'fullscreen',offsetContainer:'.touch .qodef-mobile-header',offset:'',mh:\"0\"});if (window.RS_MODULES!==undefined && window.RS_MODULES.modules!==undefined && window.RS_MODULES.modules[\"revslider291\"]!==undefined) {window.RS_MODULES.modules[\"revslider291\"].once = false;window.revapi29 = undefined;if (window.RS_MODULES.checkMinimal!==undefined) window.RS_MODULES.checkMinimal()}\n\t\t\t\t<\/script>\n\t\t\t<\/rs-module-wrap>\n\t\t\t<!-- END REVOLUTION SLIDER -->\n[vc_empty_space height=\u00a0\u00bb20px\u00a0\u00bb]<div class=\"qodef-animation-holder qodef-grow-in\" data-animation=\"qodef-grow-in\" data-animation-delay=\"\"><div class=\"qodef-animation-inner\">[vc_custom_heading text=\u00a0\u00bbTRANQUILLIT\u00c9 ET D\u00c9TENTE POUR VOTRE BIEN-\u00caTRE\u00a0\u00bb font_container=\u00a0\u00bbtag:h4|text_align:center\u00a0\u00bb]<\/div><\/div>[vc_column_text]<\/p>\n<p style=\"text-align: center;\">Le centre de beaut\u00e9 de la Masseria Bagnara est enti\u00e8rement d\u00e9di\u00e9 \u00e0 vos besoins, avec une large gamme de traitements personnalis\u00e9s con\u00e7us pour \u00e9liminer toute forme de stress et vous apporter un bien-\u00eatre durable.<br \/>\nLe concept de bien-\u00eatre est au c\u0153ur de la philosophie de la Masseria Bagnara et cela se per\u00e7oit dans l&rsquo;atmosph\u00e8re de tranquillit\u00e9 et de relaxation qui caract\u00e9rise le complexe.<\/p>\n<p style=\"text-align: center;\">Sur demande, nos h\u00f4tes peuvent \u00e9galement b\u00e9n\u00e9ficier des services d&rsquo;un physioth\u00e9rapeute qui s&rsquo;occupera de leur sant\u00e9.<\/p>\n<p>[\/vc_column_text][vc_custom_heading text=\u00a0\u00bbMASSERIA BAGNARA C&apos;EST AUSSI CELA\u00a0\u00bb font_container=\u00a0\u00bbtag:h4|text_align:center\u00a0\u00bb][\/vc_column][\/vc_row]<\/p>\n<\/div>","protected":false},"excerpt":{"rendered":"<p>[vc_row][vc_column][vc_empty_space height=\u00a0\u00bb20px\u00a0\u00bb][vc_column_text] Le centre de beaut\u00e9 de la Masseria Bagnara est enti\u00e8rement d\u00e9di\u00e9 \u00e0 vos besoins, avec une large gamme de traitements personnalis\u00e9s con\u00e7us pour \u00e9liminer toute forme de stress [&hellip;]<\/p>\n","protected":false},"author":1,"featured_media":0,"parent":0,"menu_order":0,"comment_status":"closed","ping_status":"closed","template":"","meta":{"footnotes":""},"class_list":["post-5726","page","type-page","status-publish","hentry"],"_links":{"self":[{"href":"https:\/\/www.masseriabagnara.it\/fr\/wp-json\/wp\/v2\/pages\/5726","targetHints":{"allow":["GET"]}}],"collection":[{"href":"https:\/\/www.masseriabagnara.it\/fr\/wp-json\/wp\/v2\/pages"}],"about":[{"href":"https:\/\/www.masseriabagnara.it\/fr\/wp-json\/wp\/v2\/types\/page"}],"author":[{"embeddable":true,"href":"https:\/\/www.masseriabagnara.it\/fr\/wp-json\/wp\/v2\/users\/1"}],"replies":[{"embeddable":true,"href":"https:\/\/www.masseriabagnara.it\/fr\/wp-json\/wp\/v2\/comments?post=5726"}],"version-history":[{"count":2,"href":"https:\/\/www.masseriabagnara.it\/fr\/wp-json\/wp\/v2\/pages\/5726\/revisions"}],"predecessor-version":[{"id":5728,"href":"https:\/\/www.masseriabagnara.it\/fr\/wp-json\/wp\/v2\/pages\/5726\/revisions\/5728"}],"wp:attachment":[{"href":"https:\/\/www.masseriabagnara.it\/fr\/wp-json\/wp\/v2\/media?parent=5726"}],"curies":[{"name":"wp","href":"https:\/\/api.w.org\/{rel}","templated":true}]}}