{"id":5714,"date":"2020-01-07T18:52:34","date_gmt":"2020-01-07T18:52:34","guid":{"rendered":"https:\/\/www.masseriabagnara.it\/pole-mer\/"},"modified":"2024-07-12T21:24:47","modified_gmt":"2024-07-12T21:24:47","slug":"pole-mer","status":"publish","type":"page","link":"https:\/\/www.masseriabagnara.it\/fr\/pole-mer\/","title":{"rendered":"POLE &amp; MER"},"content":{"rendered":"<div class=\"wpb-content-wrapper\"><p>[vc_row][vc_column]\n\t\t\t<!-- START PISCINA REVOLUTION SLIDER 6.6.11 --><p class=\"rs-p-wp-fix\"><\/p>\n\t\t\t<rs-module-wrap id=\"rev_slider_28_1_wrapper\" data-source=\"gallery\" style=\"visibility:hidden;background:transparent;padding:0;\">\n\t\t\t\t<rs-module id=\"rev_slider_28_1\" style=\"\" data-version=\"6.6.11\">\n\t\t\t\t\t<rs-slides style=\"overflow: hidden; position: absolute;\">\n\t\t\t\t\t\t<rs-slide style=\"position: absolute;\" data-key=\"rs-154\" data-title=\"Slide\" data-thumb=\"\/\/www.masseriabagnara.it\/wp-content\/uploads\/2020\/01\/P1050957-scaled-100x50.jpg\" data-anim=\"ms:1000;r:0;\" data-in=\"o:0;\" data-out=\"a:false;\">\n\t\t\t\t\t\t\t<img decoding=\"async\" src=\"\/\/www.masseriabagnara.it\/wp-content\/plugins\/revslider\/public\/assets\/assets\/dummy.png\" alt=\"\" title=\"POLE &amp; MER\" class=\"rev-slidebg tp-rs-img rs-lazyload\" data-lazyload=\"\/\/www.masseriabagnara.it\/wp-content\/uploads\/2020\/01\/P1050957-scaled.jpg\" data-no-retina>\n<!---->\t\t\t\t\t\t<\/rs-slide>\n\t\t\t\t\t\t<rs-slide style=\"position: absolute;\" data-key=\"rs-152\" data-title=\"Slide\" data-thumb=\"\/\/www.masseriabagnara.it\/wp-content\/uploads\/2020\/01\/1-100x50.jpg\" data-anim=\"ms:1000;r:0;\" data-in=\"o:0;\" data-out=\"a:false;\">\n\t\t\t\t\t\t\t<img decoding=\"async\" src=\"\/\/www.masseriabagnara.it\/wp-content\/plugins\/revslider\/public\/assets\/assets\/dummy.png\" alt=\"\" title=\"POLE &amp; MER\" class=\"rev-slidebg tp-rs-img rs-lazyload\" data-lazyload=\"\/\/www.masseriabagnara.it\/wp-content\/uploads\/2020\/01\/1.jpg\" data-no-retina>\n<!---->\t\t\t\t\t\t<\/rs-slide>\n\t\t\t\t\t\t<rs-slide style=\"position: absolute;\" data-key=\"rs-153\" data-title=\"Slide\" data-thumb=\"\/\/www.masseriabagnara.it\/wp-content\/uploads\/2020\/01\/IMGP9614-scaled-100x50.jpg\" data-anim=\"ms:1000;r:0;\" data-in=\"o:0;\" data-out=\"a:false;\">\n\t\t\t\t\t\t\t<img decoding=\"async\" src=\"\/\/www.masseriabagnara.it\/wp-content\/plugins\/revslider\/public\/assets\/assets\/dummy.png\" alt=\"\" title=\"POLE &amp; MER\" class=\"rev-slidebg tp-rs-img rs-lazyload\" data-lazyload=\"\/\/www.masseriabagnara.it\/wp-content\/uploads\/2020\/01\/IMGP9614-scaled.jpg\" data-no-retina>\n<!---->\t\t\t\t\t\t<\/rs-slide>\n\t\t\t\t\t\t<rs-slide style=\"position: absolute;\" data-key=\"rs-155\" data-title=\"Slide\" data-thumb=\"\/\/www.masseriabagnara.it\/wp-content\/uploads\/2020\/01\/IMG_3176-scaled-100x50.jpg\" data-anim=\"ms:1000;r:0;\" data-in=\"o:0;\" data-out=\"a:false;\">\n\t\t\t\t\t\t\t<img decoding=\"async\" src=\"\/\/www.masseriabagnara.it\/wp-content\/plugins\/revslider\/public\/assets\/assets\/dummy.png\" alt=\"\" title=\"POLE &amp; MER\" class=\"rev-slidebg tp-rs-img rs-lazyload\" data-lazyload=\"\/\/www.masseriabagnara.it\/wp-content\/uploads\/2020\/01\/IMG_3176-scaled.jpg\" data-no-retina>\n<!---->\t\t\t\t\t\t<\/rs-slide>\n\t\t\t\t\t<\/rs-slides>\n\t\t\t\t\t<rs-static-layers><!--\n\t\t\t\t\t--><\/rs-static-layers>\n\t\t\t\t<\/rs-module>\n\t\t\t\t<script>\n\t\t\t\t\tsetREVStartSize({c: 'rev_slider_28_1',rl:[1240,1024,778,480],el:[1079,689,1273,764],gw:[1300,1100,1025,480],gh:[1079,689,1273,764],type:'standard',justify:'',layout:'fullscreen',offsetContainer:'.touch .qodef-mobile-header',offset:'',mh:\"0\"});if (window.RS_MODULES!==undefined && window.RS_MODULES.modules!==undefined && window.RS_MODULES.modules[\"revslider281\"]!==undefined) {window.RS_MODULES.modules[\"revslider281\"].once = false;window.revapi28 = undefined;if (window.RS_MODULES.checkMinimal!==undefined) window.RS_MODULES.checkMinimal()}\n\t\t\t\t<\/script>\n\t\t\t<\/rs-module-wrap>\n\t\t\t<!-- END REVOLUTION SLIDER -->\n[vc_empty_space height=\u00a0\u00bb20PX\u00a0\u00bb]<div class=\"qodef-animation-holder qodef-grow-in\" data-animation=\"qodef-grow-in\" data-animation-delay=\"\"><div class=\"qodef-animation-inner\">[vc_custom_heading text=\u00a0\u00bbD\u00c9TENTE EXCLUSIVE POUR NOS H\u00d4TES\u00a0\u00bb font_container=\u00a0\u00bbtag:h4|text_align:center\u00a0\u00bb]<\/div><\/div>[vc_column_text]<\/p>\n<p style=\"text-align: center;\">Laissez-vous s\u00e9duire par l&rsquo;enchanteresse piscine ext\u00e9rieure, situ\u00e9e en hauteur par rapport \u00e0 la cour et \u00e9quip\u00e9e d&rsquo;un solarium pour profiter d&rsquo;un magnifique panorama \u00e0 ciel ouvert.<\/p>\n<p style=\"text-align: center;\">La piscine, qui garantit un maximum d&rsquo;intimit\u00e9, est r\u00e9serv\u00e9e \u00e0 l&rsquo;usage exclusif des clients du complexe, qui peuvent profiter des magnifiques couchers de soleil tout en sirotant des vins et des cocktails propos\u00e9s par notre barman.<\/p>\n<p style=\"text-align: center;\">Si, au contraire, vous souhaitez d\u00e9couvrir la beaut\u00e9 de la mer des Pouilles, la Masseria Bagnara se trouve \u00e0 moins d&rsquo;un kilom\u00e8tre de quelques-unes des plus belles plages du Salento, o\u00f9 le sable blanc et la mer cristalline vous attendent pour occuper vos journ\u00e9es.<\/p>\n<p style=\"text-align: center;\">La Masseria Bagnara r\u00e9serve \u00e9galement \u00e0 ses h\u00f4tes des entr\u00e9es et des places dans les lidos les plus beaux et les mieux \u00e9quip\u00e9s de la r\u00e9gion du Salento de Tarente.<\/p>\n<p>[\/vc_column_text][vc_custom_heading text=\u00a0\u00bbLA MASSERIA BAGNARA EST \u00c9GALEMENT DANS CE CAS.\u00a0\u00bb font_container=\u00a0\u00bbtag:h4|text_align:center\u00a0\u00bb][\/vc_column][\/vc_row]<\/p>\n<\/div>","protected":false},"excerpt":{"rendered":"<p>[vc_row][vc_column][vc_empty_space height=\u00a0\u00bb20PX\u00a0\u00bb][vc_column_text] Laissez-vous s\u00e9duire par l&rsquo;enchanteresse piscine ext\u00e9rieure, situ\u00e9e en hauteur par rapport \u00e0 la cour et \u00e9quip\u00e9e d&rsquo;un solarium pour profiter d&rsquo;un magnifique panorama \u00e0 ciel ouvert. La piscine, [&hellip;]<\/p>\n","protected":false},"author":1,"featured_media":0,"parent":0,"menu_order":0,"comment_status":"closed","ping_status":"closed","template":"","meta":{"footnotes":""},"class_list":["post-5714","page","type-page","status-publish","hentry"],"_links":{"self":[{"href":"https:\/\/www.masseriabagnara.it\/fr\/wp-json\/wp\/v2\/pages\/5714","targetHints":{"allow":["GET"]}}],"collection":[{"href":"https:\/\/www.masseriabagnara.it\/fr\/wp-json\/wp\/v2\/pages"}],"about":[{"href":"https:\/\/www.masseriabagnara.it\/fr\/wp-json\/wp\/v2\/types\/page"}],"author":[{"embeddable":true,"href":"https:\/\/www.masseriabagnara.it\/fr\/wp-json\/wp\/v2\/users\/1"}],"replies":[{"embeddable":true,"href":"https:\/\/www.masseriabagnara.it\/fr\/wp-json\/wp\/v2\/comments?post=5714"}],"version-history":[{"count":6,"href":"https:\/\/www.masseriabagnara.it\/fr\/wp-json\/wp\/v2\/pages\/5714\/revisions"}],"predecessor-version":[{"id":6076,"href":"https:\/\/www.masseriabagnara.it\/fr\/wp-json\/wp\/v2\/pages\/5714\/revisions\/6076"}],"wp:attachment":[{"href":"https:\/\/www.masseriabagnara.it\/fr\/wp-json\/wp\/v2\/media?parent=5714"}],"curies":[{"name":"wp","href":"https:\/\/api.w.org\/{rel}","templated":true}]}}