{"id":5708,"date":"2020-01-07T18:42:10","date_gmt":"2020-01-07T18:42:10","guid":{"rendered":"https:\/\/www.masseriabagnara.it\/lhistoire\/"},"modified":"2024-03-06T08:20:48","modified_gmt":"2024-03-06T08:20:48","slug":"lhistoire","status":"publish","type":"page","link":"https:\/\/www.masseriabagnara.it\/fr\/lhistoire\/","title":{"rendered":"L&rsquo;HISTOIRE"},"content":{"rendered":"<div class=\"wpb-content-wrapper\"><p>[vc_row][vc_column]\n\t\t\t<!-- START STORIA REVOLUTION SLIDER 6.6.11 --><p class=\"rs-p-wp-fix\"><\/p>\n\t\t\t<rs-module-wrap id=\"rev_slider_27_1_wrapper\" data-source=\"gallery\" style=\"visibility:hidden;background:transparent;padding:0;\">\n\t\t\t\t<rs-module id=\"rev_slider_27_1\" style=\"\" data-version=\"6.6.11\">\n\t\t\t\t\t<rs-slides style=\"overflow: hidden; position: absolute;\">\n\t\t\t\t\t\t<rs-slide style=\"position: absolute;\" data-key=\"rs-135\" data-title=\"Slide\" data-thumb=\"\/\/www.masseriabagnara.it\/wp-content\/uploads\/2020\/01\/Scansione-16-copia-100x50.jpeg\" data-anim=\"ms:1000;r:0;\" data-in=\"o:0;\" data-out=\"a:false;\">\n\t\t\t\t\t\t\t<img decoding=\"async\" src=\"\/\/www.masseriabagnara.it\/wp-content\/plugins\/revslider\/public\/assets\/assets\/dummy.png\" alt=\"\" title=\"L&rsquo;HISTOIRE\" class=\"rev-slidebg tp-rs-img rs-lazyload\" data-lazyload=\"\/\/www.masseriabagnara.it\/wp-content\/uploads\/2020\/01\/Scansione-16-copia.jpeg\" data-no-retina>\n<!---->\t\t\t\t\t\t<\/rs-slide>\n\t\t\t\t\t\t<rs-slide style=\"position: absolute;\" data-key=\"rs-129\" data-title=\"Slide\" data-thumb=\"\/\/www.masseriabagnara.it\/wp-content\/uploads\/2020\/01\/Scansione-7-scaled-100x50.jpeg\" data-anim=\"ms:1000;r:0;\" data-in=\"o:0;\" data-out=\"a:false;\">\n\t\t\t\t\t\t\t<img decoding=\"async\" src=\"\/\/www.masseriabagnara.it\/wp-content\/plugins\/revslider\/public\/assets\/assets\/dummy.png\" alt=\"\" title=\"L&rsquo;HISTOIRE\" class=\"rev-slidebg tp-rs-img rs-lazyload\" data-lazyload=\"\/\/www.masseriabagnara.it\/wp-content\/uploads\/2020\/01\/Scansione-7-scaled.jpeg\" data-no-retina>\n<!---->\t\t\t\t\t\t<\/rs-slide>\n\t\t\t\t\t\t<rs-slide style=\"position: absolute;\" data-key=\"rs-130\" data-title=\"Slide\" data-thumb=\"\/\/www.masseriabagnara.it\/wp-content\/uploads\/2020\/01\/Scansione-8-scaled-100x50.jpeg\" data-anim=\"ms:1000;r:0;\" data-in=\"o:0;\" data-out=\"a:false;\">\n\t\t\t\t\t\t\t<img decoding=\"async\" src=\"\/\/www.masseriabagnara.it\/wp-content\/plugins\/revslider\/public\/assets\/assets\/dummy.png\" alt=\"\" title=\"L&rsquo;HISTOIRE\" class=\"rev-slidebg tp-rs-img rs-lazyload\" data-lazyload=\"\/\/www.masseriabagnara.it\/wp-content\/uploads\/2020\/01\/Scansione-8-scaled.jpeg\" data-no-retina>\n<!---->\t\t\t\t\t\t<\/rs-slide>\n\t\t\t\t\t\t<rs-slide style=\"position: absolute;\" data-key=\"rs-131\" data-title=\"Slide\" data-thumb=\"\/\/www.masseriabagnara.it\/wp-content\/uploads\/2020\/01\/Scansione-10-scaled-100x50.jpeg\" data-anim=\"ms:1000;r:0;\" data-in=\"o:0;\" data-out=\"a:false;\">\n\t\t\t\t\t\t\t<img decoding=\"async\" src=\"\/\/www.masseriabagnara.it\/wp-content\/plugins\/revslider\/public\/assets\/assets\/dummy.png\" alt=\"\" title=\"L&rsquo;HISTOIRE\" class=\"rev-slidebg tp-rs-img rs-lazyload\" data-lazyload=\"\/\/www.masseriabagnara.it\/wp-content\/uploads\/2020\/01\/Scansione-10-scaled.jpeg\" data-no-retina>\n<!---->\t\t\t\t\t\t<\/rs-slide>\n\t\t\t\t\t\t<rs-slide style=\"position: absolute;\" data-key=\"rs-132\" data-title=\"Slide\" data-thumb=\"\/\/www.masseriabagnara.it\/wp-content\/uploads\/2020\/01\/Scansione-11-scaled-100x50.jpeg\" data-anim=\"ms:1000;r:0;\" data-in=\"o:0;\" data-out=\"a:false;\">\n\t\t\t\t\t\t\t<img decoding=\"async\" src=\"\/\/www.masseriabagnara.it\/wp-content\/plugins\/revslider\/public\/assets\/assets\/dummy.png\" alt=\"\" title=\"L&rsquo;HISTOIRE\" class=\"rev-slidebg tp-rs-img rs-lazyload\" data-lazyload=\"\/\/www.masseriabagnara.it\/wp-content\/uploads\/2020\/01\/Scansione-11-scaled.jpeg\" data-no-retina>\n<!---->\t\t\t\t\t\t<\/rs-slide>\n\t\t\t\t\t\t<rs-slide style=\"position: absolute;\" data-key=\"rs-133\" data-title=\"Slide\" data-thumb=\"\/\/www.masseriabagnara.it\/wp-content\/uploads\/2020\/01\/Scansione-14-100x50.jpeg\" data-anim=\"ms:1000;r:0;\" data-in=\"o:0;\" data-out=\"a:false;\">\n\t\t\t\t\t\t\t<img decoding=\"async\" src=\"\/\/www.masseriabagnara.it\/wp-content\/plugins\/revslider\/public\/assets\/assets\/dummy.png\" alt=\"\" title=\"L&rsquo;HISTOIRE\" class=\"rev-slidebg tp-rs-img rs-lazyload\" data-lazyload=\"\/\/www.masseriabagnara.it\/wp-content\/uploads\/2020\/01\/Scansione-14.jpeg\" data-no-retina>\n<!---->\t\t\t\t\t\t<\/rs-slide>\n\t\t\t\t\t\t<rs-slide style=\"position: absolute;\" data-key=\"rs-134\" data-title=\"Slide\" data-thumb=\"\/\/www.masseriabagnara.it\/wp-content\/uploads\/2020\/01\/Scansione-15-100x50.jpeg\" data-anim=\"ms:1000;r:0;\" data-in=\"o:0;\" data-out=\"a:false;\">\n\t\t\t\t\t\t\t<img decoding=\"async\" src=\"\/\/www.masseriabagnara.it\/wp-content\/plugins\/revslider\/public\/assets\/assets\/dummy.png\" alt=\"\" title=\"L&rsquo;HISTOIRE\" class=\"rev-slidebg tp-rs-img rs-lazyload\" data-lazyload=\"\/\/www.masseriabagnara.it\/wp-content\/uploads\/2020\/01\/Scansione-15.jpeg\" data-no-retina>\n<!---->\t\t\t\t\t\t<\/rs-slide>\n\t\t\t\t\t\t<rs-slide style=\"position: absolute;\" data-key=\"rs-136\" data-title=\"Slide\" data-thumb=\"\/\/www.masseriabagnara.it\/wp-content\/uploads\/2020\/01\/Scansione-17-copia-100x50.jpeg\" data-anim=\"ms:1000;r:0;\" data-in=\"o:0;\" data-out=\"a:false;\">\n\t\t\t\t\t\t\t<img decoding=\"async\" src=\"\/\/www.masseriabagnara.it\/wp-content\/plugins\/revslider\/public\/assets\/assets\/dummy.png\" alt=\"\" title=\"L&rsquo;HISTOIRE\" class=\"rev-slidebg tp-rs-img rs-lazyload\" data-lazyload=\"\/\/www.masseriabagnara.it\/wp-content\/uploads\/2020\/01\/Scansione-17-copia.jpeg\" data-no-retina>\n<!---->\t\t\t\t\t\t<\/rs-slide>\n\t\t\t\t\t\t<rs-slide style=\"position: absolute;\" data-key=\"rs-137\" data-title=\"Slide\" data-thumb=\"\/\/www.masseriabagnara.it\/wp-content\/uploads\/2020\/01\/Scansione-17-100x50.jpeg\" data-anim=\"ms:1000;r:0;\" data-in=\"o:0;\" data-out=\"a:false;\">\n\t\t\t\t\t\t\t<img decoding=\"async\" src=\"\/\/www.masseriabagnara.it\/wp-content\/plugins\/revslider\/public\/assets\/assets\/dummy.png\" alt=\"\" title=\"L&rsquo;HISTOIRE\" class=\"rev-slidebg tp-rs-img rs-lazyload\" data-lazyload=\"\/\/www.masseriabagnara.it\/wp-content\/uploads\/2020\/01\/Scansione-17.jpeg\" data-no-retina>\n<!---->\t\t\t\t\t\t<\/rs-slide>\n\t\t\t\t\t\t<rs-slide style=\"position: absolute;\" data-key=\"rs-138\" data-title=\"Slide\" data-thumb=\"\/\/www.masseriabagnara.it\/wp-content\/uploads\/2020\/01\/Scansione-18-copia-100x50.jpeg\" data-anim=\"ms:1000;r:0;\" data-in=\"o:0;\" data-out=\"a:false;\">\n\t\t\t\t\t\t\t<img decoding=\"async\" src=\"\/\/www.masseriabagnara.it\/wp-content\/plugins\/revslider\/public\/assets\/assets\/dummy.png\" alt=\"\" title=\"L&rsquo;HISTOIRE\" class=\"rev-slidebg tp-rs-img rs-lazyload\" data-lazyload=\"\/\/www.masseriabagnara.it\/wp-content\/uploads\/2020\/01\/Scansione-18-copia.jpeg\" data-no-retina>\n<!---->\t\t\t\t\t\t<\/rs-slide>\n\t\t\t\t\t\t<rs-slide style=\"position: absolute;\" data-key=\"rs-139\" data-title=\"Slide\" data-thumb=\"\/\/www.masseriabagnara.it\/wp-content\/uploads\/2020\/01\/Scansione-82-copia-100x50.jpeg\" data-anim=\"ms:1000;r:0;\" data-in=\"o:0;\" data-out=\"a:false;\">\n\t\t\t\t\t\t\t<img decoding=\"async\" src=\"\/\/www.masseriabagnara.it\/wp-content\/plugins\/revslider\/public\/assets\/assets\/dummy.png\" alt=\"\" title=\"L&rsquo;HISTOIRE\" class=\"rev-slidebg tp-rs-img rs-lazyload\" data-lazyload=\"\/\/www.masseriabagnara.it\/wp-content\/uploads\/2020\/01\/Scansione-82-copia.jpeg\" data-no-retina>\n<!---->\t\t\t\t\t\t<\/rs-slide>\n\t\t\t\t\t\t<rs-slide style=\"position: absolute;\" data-key=\"rs-140\" data-title=\"Slide\" data-thumb=\"\/\/www.masseriabagnara.it\/wp-content\/uploads\/2020\/01\/Scansione-82-100x50.jpeg\" data-anim=\"ms:1000;r:0;\" data-in=\"o:0;\" data-out=\"a:false;\">\n\t\t\t\t\t\t\t<img decoding=\"async\" src=\"\/\/www.masseriabagnara.it\/wp-content\/plugins\/revslider\/public\/assets\/assets\/dummy.png\" alt=\"\" title=\"L&rsquo;HISTOIRE\" class=\"rev-slidebg tp-rs-img rs-lazyload\" data-lazyload=\"\/\/www.masseriabagnara.it\/wp-content\/uploads\/2020\/01\/Scansione-82.jpeg\" data-no-retina>\n<!---->\t\t\t\t\t\t<\/rs-slide>\n\t\t\t\t\t\t<rs-slide style=\"position: absolute;\" data-key=\"rs-141\" data-title=\"Slide\" data-thumb=\"\/\/www.masseriabagnara.it\/wp-content\/uploads\/2020\/01\/Scansione-92-copia-100x50.jpeg\" data-anim=\"ms:1000;r:0;\" data-in=\"o:0;\" data-out=\"a:false;\">\n\t\t\t\t\t\t\t<img decoding=\"async\" src=\"\/\/www.masseriabagnara.it\/wp-content\/plugins\/revslider\/public\/assets\/assets\/dummy.png\" alt=\"\" title=\"L&rsquo;HISTOIRE\" class=\"rev-slidebg tp-rs-img rs-lazyload\" data-lazyload=\"\/\/www.masseriabagnara.it\/wp-content\/uploads\/2020\/01\/Scansione-92-copia.jpeg\" data-no-retina>\n<!---->\t\t\t\t\t\t<\/rs-slide>\n\t\t\t\t\t\t<rs-slide style=\"position: absolute;\" data-key=\"rs-142\" data-title=\"Slide\" data-thumb=\"\/\/www.masseriabagnara.it\/wp-content\/uploads\/2020\/01\/Scansione-92-100x50.jpeg\" data-anim=\"ms:1000;r:0;\" data-in=\"o:0;\" data-out=\"a:false;\">\n\t\t\t\t\t\t\t<img decoding=\"async\" src=\"\/\/www.masseriabagnara.it\/wp-content\/plugins\/revslider\/public\/assets\/assets\/dummy.png\" alt=\"\" title=\"L&rsquo;HISTOIRE\" class=\"rev-slidebg tp-rs-img rs-lazyload\" data-lazyload=\"\/\/www.masseriabagnara.it\/wp-content\/uploads\/2020\/01\/Scansione-92.jpeg\" data-no-retina>\n<!---->\t\t\t\t\t\t<\/rs-slide>\n\t\t\t\t\t\t<rs-slide style=\"position: absolute;\" data-key=\"rs-143\" data-title=\"Slide\" data-thumb=\"\/\/www.masseriabagnara.it\/wp-content\/uploads\/2020\/01\/Scansione-102-copia-100x50.jpeg\" data-anim=\"ms:1000;r:0;\" data-in=\"o:0;\" data-out=\"a:false;\">\n\t\t\t\t\t\t\t<img decoding=\"async\" src=\"\/\/www.masseriabagnara.it\/wp-content\/plugins\/revslider\/public\/assets\/assets\/dummy.png\" alt=\"\" title=\"L&rsquo;HISTOIRE\" class=\"rev-slidebg tp-rs-img rs-lazyload\" data-lazyload=\"\/\/www.masseriabagnara.it\/wp-content\/uploads\/2020\/01\/Scansione-102-copia.jpeg\" data-no-retina>\n<!---->\t\t\t\t\t\t<\/rs-slide>\n\t\t\t\t\t\t<rs-slide style=\"position: absolute;\" data-key=\"rs-144\" data-title=\"Slide\" data-thumb=\"\/\/www.masseriabagnara.it\/wp-content\/uploads\/2020\/01\/Scansione-112-100x50.jpeg\" data-anim=\"ms:1000;r:0;\" data-in=\"o:0;\" data-out=\"a:false;\">\n\t\t\t\t\t\t\t<img decoding=\"async\" src=\"\/\/www.masseriabagnara.it\/wp-content\/plugins\/revslider\/public\/assets\/assets\/dummy.png\" alt=\"\" title=\"L&rsquo;HISTOIRE\" class=\"rev-slidebg tp-rs-img rs-lazyload\" data-lazyload=\"\/\/www.masseriabagnara.it\/wp-content\/uploads\/2020\/01\/Scansione-112.jpeg\" data-no-retina>\n<!---->\t\t\t\t\t\t<\/rs-slide>\n\t\t\t\t\t<\/rs-slides>\n\t\t\t\t\t<rs-static-layers><!--\n\t\t\t\t\t--><\/rs-static-layers>\n\t\t\t\t<\/rs-module>\n\t\t\t\t<script>\n\t\t\t\t\tsetREVStartSize({c: 'rev_slider_27_1',rl:[1240,1024,778,480],el:[1079,689,1273,764],gw:[1300,1100,1025,480],gh:[1079,689,1273,764],type:'standard',justify:'',layout:'fullscreen',offsetContainer:'.touch .qodef-mobile-header',offset:'',mh:\"0\"});if (window.RS_MODULES!==undefined && window.RS_MODULES.modules!==undefined && window.RS_MODULES.modules[\"revslider271\"]!==undefined) {window.RS_MODULES.modules[\"revslider271\"].once = false;window.revapi27 = undefined;if (window.RS_MODULES.checkMinimal!==undefined) window.RS_MODULES.checkMinimal()}\n\t\t\t\t<\/script>\n\t\t\t<\/rs-module-wrap>\n\t\t\t<!-- END REVOLUTION SLIDER -->\n[vc_empty_space height=\u00a0\u00bb20PX\u00a0\u00bb]<div class=\"qodef-animation-holder qodef-grow-in\" data-animation=\"qodef-grow-in\" data-animation-delay=\"\"><div class=\"qodef-animation-inner\">[vc_custom_heading text=\u00a0\u00bbQUAND LA TRADITION RENCONTRE LA D\u00c9TENTE\u00a0\u00bb font_container=\u00a0\u00bbtag:h4|text_align:center\u00a0\u00bb]<\/div><\/div>[vc_column_text]<\/p>\n<p style=\"text-align: center;\">La Masseria Bagnara est devenue un \u00e9tablissement h\u00f4telier et de restauration en 2010, apr\u00e8s une r\u00e9novation qui a dur\u00e9 environ cinq ans.<\/p>\n<p style=\"text-align: center;\">La structure d&rsquo;origine, situ\u00e9e dans la Contrada qui lui a donn\u00e9 son nom, \u00e9tait une ferme paysanne mentionn\u00e9e pour la premi\u00e8re fois dans des documents datant de la fin du XVIIe si\u00e8cle et exploit\u00e9e pendant plusieurs d\u00e9cennies.<\/p>\n<p style=\"text-align: center;\">Dans cette masseria, propri\u00e9t\u00e9 de diff\u00e9rentes familles au fil des si\u00e8cles, vivaient de nombreuses personnes qui cultivaient la terre et produisaient des biens de premi\u00e8re n\u00e9cessit\u00e9 : on y pratiquait l&rsquo;\u00e9levage du b\u00e9tail et la culture du bl\u00e9, de l&rsquo;avoine et de l&rsquo;orge ; on y produisait de la ricotta et de d\u00e9licieux fromages, transform\u00e9s par les mains des paysans et vendus ensuite sur les march\u00e9s du village.<\/p>\n<p style=\"text-align: center;\">C&rsquo;est en s&rsquo;inspirant de ce pass\u00e9 extraordinaire que la famille Pagano a envisag\u00e9 de cr\u00e9er une structure r\u00e9ceptive, en entamant une r\u00e9novation qui respecterait la forme originale tout en \u00e9tant en phase avec l&rsquo;\u00e9poque et les d\u00e9sirs de la client\u00e8le touristique d&rsquo;aujourd&rsquo;hui.<\/p>\n<p style=\"text-align: center;\">Partant du principe que cette histoire pr\u00e9cieuse devait \u00eatre prot\u00e9g\u00e9e et mise en valeur, l&rsquo;id\u00e9e de conception \u00e9tait de laisser le b\u00e2timent historique dans son int\u00e9gralit\u00e9, en transformant les anciens espaces de travail et de vie des agriculteurs en espaces de r\u00e9ception fonctionnels. Ainsi, les anciens abris pour animaux, les \u00ab\u00a0suppenne\u00a0\u00bb, ont chang\u00e9 d&rsquo;identit\u00e9 et ont \u00e9t\u00e9 transform\u00e9s en chambres et suites de luxe ; les anciens entrep\u00f4ts sont devenus un centre de bien-\u00eatre et un restaurant ; la structure la plus ancienne, la \u00ab\u00a0pagliara\u00a0\u00bb, a \u00e9t\u00e9 transform\u00e9e en une cave \u00e0 vin de qualit\u00e9.<\/p>\n<p style=\"text-align: center;\">La Masseria Bagnara n&rsquo;a jamais abandonn\u00e9 son pass\u00e9 et la famille Pagano, qui en est propri\u00e9taire depuis de nombreuses ann\u00e9es, n&rsquo;a pas d\u00e9natur\u00e9 le sens et l&rsquo;identit\u00e9 de ce lieu, tout en orientant la r\u00e9novation dans le sens de la modernit\u00e9 et de la fonctionnalit\u00e9, n\u00e9cessaires \u00e0 un niveau d&rsquo;hospitalit\u00e9 national, mais aussi et surtout international.<\/p>\n<p>[\/vc_column_text][vc_custom_heading text=\u00a0\u00bbLA MASSERIA BAGNARA EST \u00c9GALEMENT DANS CE CAS.\u00a0\u00bb font_container=\u00a0\u00bbtag:h4|text_align:center\u00a0\u00bb][\/vc_column][\/vc_row]<\/p>\n<\/div>","protected":false},"excerpt":{"rendered":"<p>[vc_row][vc_column][vc_empty_space height=\u00a0\u00bb20PX\u00a0\u00bb][vc_column_text] La Masseria Bagnara est devenue un \u00e9tablissement h\u00f4telier et de restauration en 2010, apr\u00e8s une r\u00e9novation qui a dur\u00e9 environ cinq ans. La structure d&rsquo;origine, situ\u00e9e dans la [&hellip;]<\/p>\n","protected":false},"author":1,"featured_media":0,"parent":0,"menu_order":0,"comment_status":"closed","ping_status":"closed","template":"","meta":{"footnotes":""},"class_list":["post-5708","page","type-page","status-publish","hentry"],"_links":{"self":[{"href":"https:\/\/www.masseriabagnara.it\/fr\/wp-json\/wp\/v2\/pages\/5708","targetHints":{"allow":["GET"]}}],"collection":[{"href":"https:\/\/www.masseriabagnara.it\/fr\/wp-json\/wp\/v2\/pages"}],"about":[{"href":"https:\/\/www.masseriabagnara.it\/fr\/wp-json\/wp\/v2\/types\/page"}],"author":[{"embeddable":true,"href":"https:\/\/www.masseriabagnara.it\/fr\/wp-json\/wp\/v2\/users\/1"}],"replies":[{"embeddable":true,"href":"https:\/\/www.masseriabagnara.it\/fr\/wp-json\/wp\/v2\/comments?post=5708"}],"version-history":[{"count":2,"href":"https:\/\/www.masseriabagnara.it\/fr\/wp-json\/wp\/v2\/pages\/5708\/revisions"}],"predecessor-version":[{"id":5710,"href":"https:\/\/www.masseriabagnara.it\/fr\/wp-json\/wp\/v2\/pages\/5708\/revisions\/5710"}],"wp:attachment":[{"href":"https:\/\/www.masseriabagnara.it\/fr\/wp-json\/wp\/v2\/media?parent=5708"}],"curies":[{"name":"wp","href":"https:\/\/api.w.org\/{rel}","templated":true}]}}