{"id":5683,"date":"2020-01-07T18:36:35","date_gmt":"2020-01-07T18:36:35","guid":{"rendered":"https:\/\/www.masseriabagnara.it\/cave\/"},"modified":"2024-03-06T08:09:44","modified_gmt":"2024-03-06T08:09:44","slug":"cave","status":"publish","type":"page","link":"https:\/\/www.masseriabagnara.it\/fr\/cave\/","title":{"rendered":"CAVE"},"content":{"rendered":"<div class=\"wpb-content-wrapper\"><p>[vc_row][vc_column]\n\t\t\t<!-- START CANTINA REVOLUTION SLIDER 6.6.11 --><p class=\"rs-p-wp-fix\"><\/p>\n\t\t\t<rs-module-wrap id=\"rev_slider_26_1_wrapper\" data-source=\"gallery\" style=\"visibility:hidden;background:transparent;padding:0;\">\n\t\t\t\t<rs-module id=\"rev_slider_26_1\" style=\"\" data-version=\"6.6.11\">\n\t\t\t\t\t<rs-slides style=\"overflow: hidden; position: absolute;\">\n\t\t\t\t\t\t<rs-slide style=\"position: absolute;\" data-key=\"rs-117\" data-title=\"Slide\" data-thumb=\"\/\/www.masseriabagnara.it\/wp-content\/uploads\/2020\/01\/1-2-100x50.jpg\" data-anim=\"ms:1000;r:0;\" data-in=\"o:0;\" data-out=\"a:false;\">\n\t\t\t\t\t\t\t<img decoding=\"async\" src=\"\/\/www.masseriabagnara.it\/wp-content\/plugins\/revslider\/public\/assets\/assets\/dummy.png\" alt=\"\" title=\"CAVE\" class=\"rev-slidebg tp-rs-img rs-lazyload\" data-lazyload=\"\/\/www.masseriabagnara.it\/wp-content\/uploads\/2020\/01\/1-2.jpg\" data-no-retina>\n<!---->\t\t\t\t\t\t<\/rs-slide>\n\t\t\t\t\t\t<rs-slide style=\"position: absolute;\" data-key=\"rs-118\" data-title=\"Slide\" data-thumb=\"\/\/www.masseriabagnara.it\/wp-content\/uploads\/2020\/01\/2-2-100x50.jpg\" data-anim=\"ms:1000;r:0;\" data-in=\"o:0;\" data-out=\"a:false;\">\n\t\t\t\t\t\t\t<img decoding=\"async\" src=\"\/\/www.masseriabagnara.it\/wp-content\/plugins\/revslider\/public\/assets\/assets\/dummy.png\" alt=\"\" title=\"CAVE\" class=\"rev-slidebg tp-rs-img rs-lazyload\" data-lazyload=\"\/\/www.masseriabagnara.it\/wp-content\/uploads\/2020\/01\/2-2.jpg\" data-no-retina>\n<!---->\t\t\t\t\t\t<\/rs-slide>\n\t\t\t\t\t\t<rs-slide style=\"position: absolute;\" data-key=\"rs-119\" data-title=\"Slide\" data-thumb=\"\/\/www.masseriabagnara.it\/wp-content\/uploads\/2020\/01\/IMMAGINE11_1-scaled-100x50.jpg\" data-anim=\"ms:1000;r:0;\" data-in=\"o:0;\" data-out=\"a:false;\">\n\t\t\t\t\t\t\t<img decoding=\"async\" src=\"\/\/www.masseriabagnara.it\/wp-content\/plugins\/revslider\/public\/assets\/assets\/dummy.png\" alt=\"\" title=\"CAVE\" class=\"rev-slidebg tp-rs-img rs-lazyload\" data-lazyload=\"\/\/www.masseriabagnara.it\/wp-content\/uploads\/2020\/01\/IMMAGINE11_1-scaled.jpg\" data-no-retina>\n<!---->\t\t\t\t\t\t<\/rs-slide>\n\t\t\t\t\t\t<rs-slide style=\"position: absolute;\" data-key=\"rs-120\" data-title=\"Slide\" data-thumb=\"\/\/www.masseriabagnara.it\/wp-content\/uploads\/2020\/01\/IMMAGINE11-scaled-100x50.jpg\" data-anim=\"ms:1000;r:0;\" data-in=\"o:0;\" data-out=\"a:false;\">\n\t\t\t\t\t\t\t<img decoding=\"async\" src=\"\/\/www.masseriabagnara.it\/wp-content\/plugins\/revslider\/public\/assets\/assets\/dummy.png\" alt=\"\" title=\"CAVE\" class=\"rev-slidebg tp-rs-img rs-lazyload\" data-lazyload=\"\/\/www.masseriabagnara.it\/wp-content\/uploads\/2020\/01\/IMMAGINE11-scaled.jpg\" data-no-retina>\n<!---->\t\t\t\t\t\t<\/rs-slide>\n\t\t\t\t\t\t<rs-slide style=\"position: absolute;\" data-key=\"rs-121\" data-title=\"Slide\" data-thumb=\"\/\/www.masseriabagnara.it\/wp-content\/uploads\/2020\/01\/IMMAGINE12-scaled-100x50.jpg\" data-anim=\"ms:1000;r:0;\" data-in=\"o:0;\" data-out=\"a:false;\">\n\t\t\t\t\t\t\t<img decoding=\"async\" src=\"\/\/www.masseriabagnara.it\/wp-content\/plugins\/revslider\/public\/assets\/assets\/dummy.png\" alt=\"\" title=\"CAVE\" class=\"rev-slidebg tp-rs-img rs-lazyload\" data-lazyload=\"\/\/www.masseriabagnara.it\/wp-content\/uploads\/2020\/01\/IMMAGINE12-scaled.jpg\" data-no-retina>\n<!---->\t\t\t\t\t\t<\/rs-slide>\n\t\t\t\t\t\t<rs-slide style=\"position: absolute;\" data-key=\"rs-122\" data-title=\"Slide\" data-thumb=\"\/\/www.masseriabagnara.it\/wp-content\/uploads\/2020\/01\/IMMAGINE13-scaled-100x50.jpg\" data-anim=\"ms:1000;r:0;\" data-in=\"o:0;\" data-out=\"a:false;\">\n\t\t\t\t\t\t\t<img decoding=\"async\" src=\"\/\/www.masseriabagnara.it\/wp-content\/plugins\/revslider\/public\/assets\/assets\/dummy.png\" alt=\"\" title=\"CAVE\" class=\"rev-slidebg tp-rs-img rs-lazyload\" data-lazyload=\"\/\/www.masseriabagnara.it\/wp-content\/uploads\/2020\/01\/IMMAGINE13-scaled.jpg\" data-no-retina>\n<!---->\t\t\t\t\t\t<\/rs-slide>\n\t\t\t\t\t<\/rs-slides>\n\t\t\t\t\t<rs-static-layers><!--\n\t\t\t\t\t--><\/rs-static-layers>\n\t\t\t\t<\/rs-module>\n\t\t\t\t<script>\n\t\t\t\t\tsetREVStartSize({c: 'rev_slider_26_1',rl:[1240,1024,778,480],el:[1079,689,1273,764],gw:[1300,1100,1025,480],gh:[1079,689,1273,764],type:'standard',justify:'',layout:'fullscreen',offsetContainer:'.touch .qodef-mobile-header',offset:'',mh:\"0\"});if (window.RS_MODULES!==undefined && window.RS_MODULES.modules!==undefined && window.RS_MODULES.modules[\"revslider261\"]!==undefined) {window.RS_MODULES.modules[\"revslider261\"].once = false;window.revapi26 = undefined;if (window.RS_MODULES.checkMinimal!==undefined) window.RS_MODULES.checkMinimal()}\n\t\t\t\t<\/script>\n\t\t\t<\/rs-module-wrap>\n\t\t\t<!-- END REVOLUTION SLIDER -->\n[vc_empty_space height=\u00a0\u00bb20 px\u00a0\u00bb]<div class=\"qodef-animation-holder qodef-grow-in\" data-animation=\"qodef-grow-in\" data-animation-delay=\"\"><div class=\"qodef-animation-inner\">[vc_custom_heading text=\u00a0\u00bbLE FRUIT D&apos;UNE RECHERCHE PASSIONN\u00c9E\u00a0\u00bb font_container=\u00a0\u00bbtag:h4|text_align:center\u00a0\u00bb]<\/div><\/div>[vc_column_text]<\/p>\n<p style=\"text-align: center;\">La cave \u00e0 vins de la Masseria Bagnara est le r\u00e9sultat d&rsquo;une recherche minutieuse, constante et passionn\u00e9e des meilleurs vins des Pouilles et d&rsquo;Italie. L&rsquo;objectif \u00e9tait de trouver et d&rsquo;offrir \u00e0 nos clients le bon vin pour chaque occasion, pour chaque accord et pour chaque go\u00fbt.<\/p>\n<p style=\"text-align: center;\">Plus de 1 200 \u00e9tiquettes reposent parmi les pierres s\u00e9culaires, conserv\u00e9es dans une \u00ab\u00a0pagghiara\u00a0\u00bb paysanne : \u00e0 l&rsquo;int\u00e9rieur, nos h\u00f4tes peuvent faire un petit voyage dans le temps.<\/p>\n<p>[\/vc_column_text][vc_custom_heading text=\u00a0\u00bbLA MASSERIA BAGNARA EST \u00c9GALEMENT DANS CE CAS.\u00a0\u00bb font_container=\u00a0\u00bbtag:h4|text_align:center\u00a0\u00bb][\/vc_column][\/vc_row]<\/p>\n<\/div>","protected":false},"excerpt":{"rendered":"<p>[vc_row][vc_column][vc_empty_space height=\u00a0\u00bb20 px\u00a0\u00bb][vc_column_text] La cave \u00e0 vins de la Masseria Bagnara est le r\u00e9sultat d&rsquo;une recherche minutieuse, constante et passionn\u00e9e des meilleurs vins des Pouilles et d&rsquo;Italie. L&rsquo;objectif \u00e9tait de [&hellip;]<\/p>\n","protected":false},"author":1,"featured_media":0,"parent":0,"menu_order":0,"comment_status":"closed","ping_status":"closed","template":"","meta":{"footnotes":""},"class_list":["post-5683","page","type-page","status-publish","hentry"],"_links":{"self":[{"href":"https:\/\/www.masseriabagnara.it\/fr\/wp-json\/wp\/v2\/pages\/5683","targetHints":{"allow":["GET"]}}],"collection":[{"href":"https:\/\/www.masseriabagnara.it\/fr\/wp-json\/wp\/v2\/pages"}],"about":[{"href":"https:\/\/www.masseriabagnara.it\/fr\/wp-json\/wp\/v2\/types\/page"}],"author":[{"embeddable":true,"href":"https:\/\/www.masseriabagnara.it\/fr\/wp-json\/wp\/v2\/users\/1"}],"replies":[{"embeddable":true,"href":"https:\/\/www.masseriabagnara.it\/fr\/wp-json\/wp\/v2\/comments?post=5683"}],"version-history":[{"count":2,"href":"https:\/\/www.masseriabagnara.it\/fr\/wp-json\/wp\/v2\/pages\/5683\/revisions"}],"predecessor-version":[{"id":5685,"href":"https:\/\/www.masseriabagnara.it\/fr\/wp-json\/wp\/v2\/pages\/5683\/revisions\/5685"}],"wp:attachment":[{"href":"https:\/\/www.masseriabagnara.it\/fr\/wp-json\/wp\/v2\/media?parent=5683"}],"curies":[{"name":"wp","href":"https:\/\/api.w.org\/{rel}","templated":true}]}}